{"id":657,"date":"2025-05-11T11:55:45","date_gmt":"2025-05-11T09:55:45","guid":{"rendered":"http:\/\/3d-plan.hr\/?page_id=657"},"modified":"2025-05-11T12:11:18","modified_gmt":"2025-05-11T10:11:18","slug":"opci-uvjeti-poslovanja","status":"publish","type":"page","link":"https:\/\/3d-plan.hr\/?page_id=657","title":{"rendered":"Opci uvjeti poslovanja"},"content":{"rendered":"\n<p>Svi poslovni i drugi odnosi sa tvrtkom 3D PLAN ili njezinim djelatnicima (uklju\u010duje i vanjske partnere i suradnike dok obavljaju poslove za tvrtku 3D PLAN) dok obavljaju poslove za tvrtku, po bilo kojoj osnovi, ukoliko nisu obuhva\u0107eni pisanom ponudom, uklju\u010duju\u0107i i odnose sa dr\u017eavnim,  upravnim, javnim i javnopravnim tijelima, jedinicama lokalne i regionalne samouprave, odvijaju se prema ovdje navedenim uvjetima poslovanja (u navedeno posebice spadaju neosnovani zahtjevi za dostavom dokumentacije ili zahtijevanje i\/ili uvjetovanje drugih radnji na na\u010din koji nisu propisani Zakonom i koji nisu u obvezi tvrtke, bez obzira na eventualno postojanje internih akata druge strane koji ne obvezuju tvrtku :<\/p>\n\n\n\n<ol><li>Tro\u0161kovi tvrtke izazvani radnjama druge strane i\/ili neosnovanim zahtjevima i\/ili uvjetovanjem druge strane zbog kojih dolazi do utro\u0161ka radnog vremena djelatnika i\/ili ugovornih suradnika tvrtke napla\u0107uju se drugoj strani po stvarno utro\u0161enom vremenu po cijeni radnog sata u iznosu 150,00 \u20ac + PDV. Najmanja mjerna jedinica za obra\u010dun radnog sata je 1 (jedan) sat, zapo\u010deti radni sat napla\u0107uje se kao puni radni sat.<\/li><li>Ostali tro\u0161kovi (materijalni, pravni, tro\u0161kovi smje\u0161taja, transporta, i dr.) nastali direktno ili indirektno radnjama ili zahtjevima druge strane opisane u to\u010dki 1. napla\u0107uju se prema stvarnim tro\u0161kovima.<\/li><\/ol>\n","protected":false},"excerpt":{"rendered":"<p>Svi poslovni i drugi odnosi sa tvrtkom 3D PLAN ili njezinim djelatnicima (uklju\u010duje i vanjske partnere i suradnike dok obavljaju poslove za tvrtku 3D PLAN) dok obavljaju poslove za tvrtku, po bilo kojoj osnovi, ukoliko nisu obuhva\u0107eni pisanom ponudom, uklju\u010duju\u0107i i odnose sa dr\u017eavnim, upravnim, javnim i javnopravnim tijelima, jedinicama lokalne i regionalne samouprave, odvijaju [&hellip;]<\/p>\n","protected":false},"author":1,"featured_media":0,"parent":0,"menu_order":0,"comment_status":"closed","ping_status":"closed","template":"","meta":[],"_links":{"self":[{"href":"https:\/\/3d-plan.hr\/index.php?rest_route=\/wp\/v2\/pages\/657"}],"collection":[{"href":"https:\/\/3d-plan.hr\/index.php?rest_route=\/wp\/v2\/pages"}],"about":[{"href":"https:\/\/3d-plan.hr\/index.php?rest_route=\/wp\/v2\/types\/page"}],"author":[{"embeddable":true,"href":"https:\/\/3d-plan.hr\/index.php?rest_route=\/wp\/v2\/users\/1"}],"replies":[{"embeddable":true,"href":"https:\/\/3d-plan.hr\/index.php?rest_route=%2Fwp%2Fv2%2Fcomments&post=657"}],"version-history":[{"count":4,"href":"https:\/\/3d-plan.hr\/index.php?rest_route=\/wp\/v2\/pages\/657\/revisions"}],"predecessor-version":[{"id":666,"href":"https:\/\/3d-plan.hr\/index.php?rest_route=\/wp\/v2\/pages\/657\/revisions\/666"}],"wp:attachment":[{"href":"https:\/\/3d-plan.hr\/index.php?rest_route=%2Fwp%2Fv2%2Fmedia&parent=657"}],"curies":[{"name":"wp","href":"https:\/\/api.w.org\/{rel}","templated":true}]}}