{"id":487,"date":"2014-06-18T09:08:20","date_gmt":"2014-06-18T07:08:20","guid":{"rendered":"http:\/\/3d-plan.hr\/?page_id=487"},"modified":"2014-06-18T14:02:13","modified_gmt":"2014-06-18T12:02:13","slug":"upravljanje-projektima","status":"publish","type":"page","link":"https:\/\/3d-plan.hr\/?page_id=487","title":{"rendered":"Upravljanje projektima"},"content":{"rendered":"<p>U ime investitora nudimo uslugu upravljanja projektima i investicijama te konzalting, \u0161to uklju\u010duje\u00a0 kompletno upravljanje i nadzor nad tehni\u010dkim i financijskim dijelom investicije.<\/p>\n<p>Tim stru\u010dnjaka iz podru\u010dja in\u017eenjerstva, prava i financija zadu\u017een je za upravljanje i\/ili nadzor nad va\u0161im investicijskim projektima.<\/p>\n","protected":false},"excerpt":{"rendered":"<p>U ime investitora nudimo uslugu upravljanja projektima i investicijama te konzalting, \u0161to uklju\u010duje\u00a0 kompletno upravljanje i nadzor nad tehni\u010dkim i financijskim dijelom investicije. Tim stru\u010dnjaka iz podru\u010dja in\u017eenjerstva, prava i financija zadu\u017een je za upravljanje i\/ili nadzor nad va\u0161im investicijskim projektima.<\/p>\n","protected":false},"author":1,"featured_media":0,"parent":0,"menu_order":0,"comment_status":"closed","ping_status":"closed","template":"","meta":[],"_links":{"self":[{"href":"https:\/\/3d-plan.hr\/index.php?rest_route=\/wp\/v2\/pages\/487"}],"collection":[{"href":"https:\/\/3d-plan.hr\/index.php?rest_route=\/wp\/v2\/pages"}],"about":[{"href":"https:\/\/3d-plan.hr\/index.php?rest_route=\/wp\/v2\/types\/page"}],"author":[{"embeddable":true,"href":"https:\/\/3d-plan.hr\/index.php?rest_route=\/wp\/v2\/users\/1"}],"replies":[{"embeddable":true,"href":"https:\/\/3d-plan.hr\/index.php?rest_route=%2Fwp%2Fv2%2Fcomments&post=487"}],"version-history":[{"count":5,"href":"https:\/\/3d-plan.hr\/index.php?rest_route=\/wp\/v2\/pages\/487\/revisions"}],"predecessor-version":[{"id":490,"href":"https:\/\/3d-plan.hr\/index.php?rest_route=\/wp\/v2\/pages\/487\/revisions\/490"}],"wp:attachment":[{"href":"https:\/\/3d-plan.hr\/index.php?rest_route=%2Fwp%2Fv2%2Fmedia&parent=487"}],"curies":[{"name":"wp","href":"https:\/\/api.w.org\/{rel}","templated":true}]}}