{"id":48,"date":"2010-10-17T16:03:57","date_gmt":"2010-10-17T14:03:57","guid":{"rendered":"http:\/\/3d-plan.hr\/?page_id=48"},"modified":"2025-05-18T15:08:19","modified_gmt":"2025-05-18T13:08:19","slug":"proba-2","status":"publish","type":"page","link":"https:\/\/3d-plan.hr\/?page_id=48","title":{"rendered":"Projektanti"},"content":{"rendered":"<p>3D PLAN ostalim projektantskim uredima nudi usluge izrade:<\/p>\n<p>&#8211; projekata mehani\u010dke otpornosti i stabilnosti<\/p>\n<p>&#8211; projekata prometnica i prometnih povr\u0161ina<\/p>\n<p>&#8211; projekata vodovoda i kanalizacije<\/p>\n<p>&#8211; elaborata toplinske za\u0161tite i u\u0161tede energije<\/p>\n<p>&#8211; usluge koordinatora za\u0161tite na radu u fazi izrade projekta (koordinator I)<\/p>\n\n\n<p><\/p>\n","protected":false},"excerpt":{"rendered":"<p>3D PLAN ostalim projektantskim uredima nudi usluge izrade: &#8211; projekata mehani\u010dke otpornosti i stabilnosti &#8211; projekata prometnica i prometnih povr\u0161ina &#8211; projekata vodovoda i kanalizacije &#8211; elaborata toplinske za\u0161tite i u\u0161tede energije &#8211; usluge koordinatora za\u0161tite na radu u fazi izrade projekta (koordinator I)<\/p>\n","protected":false},"author":1,"featured_media":0,"parent":0,"menu_order":0,"comment_status":"closed","ping_status":"closed","template":"template-fullwidth.php","meta":[],"_links":{"self":[{"href":"https:\/\/3d-plan.hr\/index.php?rest_route=\/wp\/v2\/pages\/48"}],"collection":[{"href":"https:\/\/3d-plan.hr\/index.php?rest_route=\/wp\/v2\/pages"}],"about":[{"href":"https:\/\/3d-plan.hr\/index.php?rest_route=\/wp\/v2\/types\/page"}],"author":[{"embeddable":true,"href":"https:\/\/3d-plan.hr\/index.php?rest_route=\/wp\/v2\/users\/1"}],"replies":[{"embeddable":true,"href":"https:\/\/3d-plan.hr\/index.php?rest_route=%2Fwp%2Fv2%2Fcomments&post=48"}],"version-history":[{"count":35,"href":"https:\/\/3d-plan.hr\/index.php?rest_route=\/wp\/v2\/pages\/48\/revisions"}],"predecessor-version":[{"id":673,"href":"https:\/\/3d-plan.hr\/index.php?rest_route=\/wp\/v2\/pages\/48\/revisions\/673"}],"wp:attachment":[{"href":"https:\/\/3d-plan.hr\/index.php?rest_route=%2Fwp%2Fv2%2Fmedia&parent=48"}],"curies":[{"name":"wp","href":"https:\/\/api.w.org\/{rel}","templated":true}]}}