{"id":198,"date":"2010-10-19T13:29:40","date_gmt":"2010-10-19T11:29:40","guid":{"rendered":"http:\/\/3d-plan.hr\/?page_id=198"},"modified":"2025-05-11T11:15:43","modified_gmt":"2025-05-11T09:15:43","slug":"ceste-i-prometne-povrsine","status":"publish","type":"page","link":"https:\/\/3d-plan.hr\/?page_id=198","title":{"rendered":"Prometnice i platoi"},"content":{"rendered":"<p>3D PLAN nudi usluge projektiranja cesta, raskri\u017eja, parkirali\u0161ta, platoa i drugih prometnih povr\u0161ina.<\/p>\n<p>Izra\u0111ujemo projekte privremenih prometnih rje\u0161enja i regulacije prometa.<\/p>\n","protected":false},"excerpt":{"rendered":"<p>3D PLAN nudi usluge projektiranja cesta, raskri\u017eja, parkirali\u0161ta, platoa i drugih prometnih povr\u0161ina. Izra\u0111ujemo projekte privremenih prometnih rje\u0161enja i regulacije prometa.<\/p>\n","protected":false},"author":1,"featured_media":0,"parent":0,"menu_order":0,"comment_status":"open","ping_status":"open","template":"template-fullwidth.php","meta":[],"_links":{"self":[{"href":"https:\/\/3d-plan.hr\/index.php?rest_route=\/wp\/v2\/pages\/198"}],"collection":[{"href":"https:\/\/3d-plan.hr\/index.php?rest_route=\/wp\/v2\/pages"}],"about":[{"href":"https:\/\/3d-plan.hr\/index.php?rest_route=\/wp\/v2\/types\/page"}],"author":[{"embeddable":true,"href":"https:\/\/3d-plan.hr\/index.php?rest_route=\/wp\/v2\/users\/1"}],"replies":[{"embeddable":true,"href":"https:\/\/3d-plan.hr\/index.php?rest_route=%2Fwp%2Fv2%2Fcomments&post=198"}],"version-history":[{"count":4,"href":"https:\/\/3d-plan.hr\/index.php?rest_route=\/wp\/v2\/pages\/198\/revisions"}],"predecessor-version":[{"id":652,"href":"https:\/\/3d-plan.hr\/index.php?rest_route=\/wp\/v2\/pages\/198\/revisions\/652"}],"wp:attachment":[{"href":"https:\/\/3d-plan.hr\/index.php?rest_route=%2Fwp%2Fv2%2Fmedia&parent=198"}],"curies":[{"name":"wp","href":"https:\/\/api.w.org\/{rel}","templated":true}]}}