{"id":119,"date":"2010-10-18T13:31:49","date_gmt":"2010-10-18T11:31:49","guid":{"rendered":"http:\/\/3d-plan.hr\/?page_id=119"},"modified":"2025-05-18T15:10:22","modified_gmt":"2025-05-18T13:10:22","slug":"o-nama","status":"publish","type":"page","link":"https:\/\/3d-plan.hr\/?page_id=119","title":{"rendered":"O nama \/About us"},"content":{"rendered":"<p><!--more-->3D PLAN d.o.o. tvrtka je koja se bavi projektiranjem, stru\u010dnim nadzorom u arhitekturi i gra\u0111evinarstvu, te konzaltingom (tehni\u010dkim savjetovanjem).<\/p>\n<p>Tim \u010dine iskusni in\u017eenjeri gra\u0111evinarstva, arhitekture, strojarstva i elektrotehnike, pokrivaju\u0107i svojim iskustvom i podru\u010dja izvan osnovne djelatnosti tvrtke.<\/p>\n<p><span style=\"color: #333399;\"><em>EN<\/em><\/span><\/p>\n<p><span style=\"color: #333399;\"><em>3D PLAN d.o.o. (Ltd.) is company involved in design, supervision and consulting in architecture, civil and structural engineering.<\/em><\/span><\/p>\n<p><span style=\"color: #333399;\">Our team gathers experienced civil, structural, electrical and mechanical engineers and architects, covering with their experiance areas beyond company&#8217;s base line of business.<\/span><\/p>\n\n\n<p><\/p>\n","protected":false},"excerpt":{"rendered":"","protected":false},"author":1,"featured_media":0,"parent":0,"menu_order":0,"comment_status":"closed","ping_status":"closed","template":"template-fullwidth.php","meta":[],"_links":{"self":[{"href":"https:\/\/3d-plan.hr\/index.php?rest_route=\/wp\/v2\/pages\/119"}],"collection":[{"href":"https:\/\/3d-plan.hr\/index.php?rest_route=\/wp\/v2\/pages"}],"about":[{"href":"https:\/\/3d-plan.hr\/index.php?rest_route=\/wp\/v2\/types\/page"}],"author":[{"embeddable":true,"href":"https:\/\/3d-plan.hr\/index.php?rest_route=\/wp\/v2\/users\/1"}],"replies":[{"embeddable":true,"href":"https:\/\/3d-plan.hr\/index.php?rest_route=%2Fwp%2Fv2%2Fcomments&post=119"}],"version-history":[{"count":11,"href":"https:\/\/3d-plan.hr\/index.php?rest_route=\/wp\/v2\/pages\/119\/revisions"}],"predecessor-version":[{"id":674,"href":"https:\/\/3d-plan.hr\/index.php?rest_route=\/wp\/v2\/pages\/119\/revisions\/674"}],"wp:attachment":[{"href":"https:\/\/3d-plan.hr\/index.php?rest_route=%2Fwp%2Fv2%2Fmedia&parent=119"}],"curies":[{"name":"wp","href":"https:\/\/api.w.org\/{rel}","templated":true}]}}